{"id":185,"date":"2025-07-31T14:55:42","date_gmt":"2025-07-31T14:55:42","guid":{"rendered":"https:\/\/carlosefrainm34.sg-host.com\/?page_id=185"},"modified":"2025-08-01T22:53:35","modified_gmt":"2025-08-01T22:53:35","slug":"our-events-mexico","status":"publish","type":"page","link":"https:\/\/latamenusa.com\/en\/our-events-mexico\/","title":{"rendered":"Our events mexico"},"content":{"rendered":"\t\t<div data-elementor-type=\"wp-page\" data-elementor-id=\"185\" class=\"elementor elementor-185\" data-elementor-post-type=\"page\">\n\t\t\t\t<div class=\"elementor-element elementor-element-4717d1a e-flex e-con-boxed e-con e-parent\" data-id=\"4717d1a\" data-element_type=\"container\" data-settings=\"{&quot;background_background&quot;:&quot;classic&quot;}\">\n\t\t\t\t\t<div class=\"e-con-inner\">\n\t\t<div class=\"elementor-element elementor-element-edab7ee e-con-full e-flex e-con e-child\" data-id=\"edab7ee\" data-element_type=\"container\">\n\t\t<div class=\"elementor-element elementor-element-7faca61 e-con-full e-flex e-con e-child\" data-id=\"7faca61\" data-element_type=\"container\">\n\t\t\t\t<div class=\"elementor-element elementor-element-00027b2 elementor-widget__width-initial elementor-widget elementor-widget-image\" data-id=\"00027b2\" data-element_type=\"widget\" data-widget_type=\"image.default\">\n\t\t\t\t\t\t\t\t\t\t\t\t\t\t\t<img fetchpriority=\"high\" decoding=\"async\" width=\"512\" height=\"512\" src=\"https:\/\/latamenusa.com\/wp-content\/uploads\/2025\/07\/mexico-flag.webp\" class=\"attachment-large size-large wp-image-205\" alt=\"\" srcset=\"https:\/\/latamenusa.com\/wp-content\/uploads\/2025\/07\/mexico-flag.webp 512w, https:\/\/latamenusa.com\/wp-content\/uploads\/2025\/07\/mexico-flag-300x300.webp 300w, https:\/\/latamenusa.com\/wp-content\/uploads\/2025\/07\/mexico-flag-150x150.webp 150w\" sizes=\"(max-width: 512px) 100vw, 512px\" \/>\t\t\t\t\t\t\t\t\t\t\t\t\t\t\t<\/div>\n\t\t\t\t<div class=\"elementor-element elementor-element-7cd8420 elementor-widget__width-initial elementor-widget elementor-widget-heading\" data-id=\"7cd8420\" data-element_type=\"widget\" data-widget_type=\"heading.default\">\n\t\t\t\t\t<h1 class=\"elementor-heading-title elementor-size-default\">Our Events - Mexico<\/h1>\t\t\t\t<\/div>\n\t\t\t\t<\/div>\n\t\t\t\t<\/div>\n\t\t\t\t\t<\/div>\n\t\t\t\t<\/div>\n\t\t<div class=\"elementor-element elementor-element-0ab8a96 e-flex e-con-boxed e-con e-parent\" data-id=\"0ab8a96\" data-element_type=\"container\">\n\t\t\t\t\t<div class=\"e-con-inner\">\n\t\t<div class=\"elementor-element elementor-element-0496fc9 e-con-full e-flex e-con e-child\" data-id=\"0496fc9\" data-element_type=\"container\">\n\t\t\t\t<div class=\"elementor-element elementor-element-235c748 elementor-widget__width-initial elementor-widget elementor-widget-text-editor\" data-id=\"235c748\" data-element_type=\"widget\" data-widget_type=\"text-editor.default\">\n\t\t\t\t\t\t\t\t\t<p>Our team of professionals travels regularly to participate in exclusive events and forums in Mexico, where in synergy with Alc\u00e1zar &amp; Compa\u00f1\u00eda they provide comprehensive guidance to participants on how to do business and invest wisely in the United States.<\/p>\t\t\t\t\t\t\t\t<\/div>\n\t\t\t\t<\/div>\n\t\t\t\t\t<\/div>\n\t\t\t\t<\/div>\n\t\t<div class=\"elementor-element elementor-element-a55f4de e-flex e-con-boxed e-con e-parent\" data-id=\"a55f4de\" data-element_type=\"container\">\n\t\t\t\t\t<div class=\"e-con-inner\">\n\t\t<div class=\"elementor-element elementor-element-1e36bd9 e-con-full e-flex e-con e-child\" data-id=\"1e36bd9\" data-element_type=\"container\" data-settings=\"{&quot;background_background&quot;:&quot;classic&quot;}\">\n\t\t<div class=\"elementor-element elementor-element-280d5e2 e-grid e-con-full e-con e-child\" data-id=\"280d5e2\" data-element_type=\"container\">\n\t\t\t\t<div class=\"elementor-element elementor-element-6689adc elementor-widget elementor-widget-counter\" data-id=\"6689adc\" data-element_type=\"widget\" data-widget_type=\"counter.default\">\n\t\t\t\t\t\t\t<div class=\"elementor-counter\">\n\t\t\t<div class=\"elementor-counter-title\">Conferences and Events<\/div>\t\t\t<div class=\"elementor-counter-number-wrapper\">\n\t\t\t\t<span class=\"elementor-counter-number-prefix\">+<\/span>\n\t\t\t\t<span class=\"elementor-counter-number\" data-duration=\"2000\" data-to-value=\"50\" data-from-value=\"0\" data-delimiter=\",\">0<\/span>\n\t\t\t\t<span class=\"elementor-counter-number-suffix\"><\/span>\n\t\t\t<\/div>\n\t\t<\/div>\n\t\t\t\t\t\t<\/div>\n\t\t\t\t<div class=\"elementor-element elementor-element-74b799f elementor-widget elementor-widget-counter\" data-id=\"74b799f\" data-element_type=\"widget\" data-widget_type=\"counter.default\">\n\t\t\t\t\t\t\t<div class=\"elementor-counter\">\n\t\t\t<div class=\"elementor-counter-title\">Businesspeople Assisted in Expanding to the U.S<\/div>\t\t\t<div class=\"elementor-counter-number-wrapper\">\n\t\t\t\t<span class=\"elementor-counter-number-prefix\">+<\/span>\n\t\t\t\t<span class=\"elementor-counter-number\" data-duration=\"2000\" data-to-value=\"2000\" data-from-value=\"0\" data-delimiter=\",\">0<\/span>\n\t\t\t\t<span class=\"elementor-counter-number-suffix\"><\/span>\n\t\t\t<\/div>\n\t\t<\/div>\n\t\t\t\t\t\t<\/div>\n\t\t\t\t<div class=\"elementor-element elementor-element-dc81e4b elementor-widget elementor-widget-counter\" data-id=\"dc81e4b\" data-element_type=\"widget\" data-widget_type=\"counter.default\">\n\t\t\t\t\t\t\t<div class=\"elementor-counter\">\n\t\t\t<div class=\"elementor-counter-title\">U.S. Specialists<\/div>\t\t\t<div class=\"elementor-counter-number-wrapper\">\n\t\t\t\t<span class=\"elementor-counter-number-prefix\">+<\/span>\n\t\t\t\t<span class=\"elementor-counter-number\" data-duration=\"2000\" data-to-value=\"10\" data-from-value=\"0\" data-delimiter=\",\">0<\/span>\n\t\t\t\t<span class=\"elementor-counter-number-suffix\"><\/span>\n\t\t\t<\/div>\n\t\t<\/div>\n\t\t\t\t\t\t<\/div>\n\t\t\t\t<\/div>\n\t\t\t\t<\/div>\n\t\t\t\t\t<\/div>\n\t\t\t\t<\/div>\n\t\t<div class=\"elementor-element elementor-element-626b0a2 e-flex e-con-boxed e-con e-parent\" data-id=\"626b0a2\" data-element_type=\"container\">\n\t\t\t\t\t<div class=\"e-con-inner\">\n\t\t<div class=\"elementor-element elementor-element-544ccc5 e-con-full e-flex e-con e-child\" data-id=\"544ccc5\" data-element_type=\"container\">\n\t\t\t\t<div class=\"elementor-element elementor-element-1514d84 elementor-widget elementor-widget-heading\" data-id=\"1514d84\" data-element_type=\"widget\" data-widget_type=\"heading.default\">\n\t\t\t\t\t<h2 class=\"elementor-heading-title elementor-size-default\">Past Events<\/h2>\t\t\t\t<\/div>\n\t\t<div class=\"elementor-element elementor-element-40e1ac0 e-grid e-con-full e-con e-child\" data-id=\"40e1ac0\" data-element_type=\"container\">\n\t\t<div class=\"elementor-element elementor-element-f5309d4 e-con-full e-flex e-con e-child\" data-id=\"f5309d4\" data-element_type=\"container\">\n\t\t\t\t<div class=\"elementor-element elementor-element-816b112 elementor-widget elementor-widget-image\" data-id=\"816b112\" data-element_type=\"widget\" data-widget_type=\"image.default\">\n\t\t\t\t\t\t\t\t\t\t\t\t\t\t\t<img decoding=\"async\" width=\"758\" height=\"426\" src=\"https:\/\/latamenusa.com\/wp-content\/uploads\/2025\/07\/250603_LEU_WEBINAR_FB_MINIATURA-1.jpg\" class=\"attachment-large size-large wp-image-127\" alt=\"\" srcset=\"https:\/\/latamenusa.com\/wp-content\/uploads\/2025\/07\/250603_LEU_WEBINAR_FB_MINIATURA-1.jpg 758w, https:\/\/latamenusa.com\/wp-content\/uploads\/2025\/07\/250603_LEU_WEBINAR_FB_MINIATURA-1-300x169.jpg 300w\" sizes=\"(max-width: 758px) 100vw, 758px\" \/>\t\t\t\t\t\t\t\t\t\t\t\t\t\t\t<\/div>\n\t\t\t\t<div class=\"elementor-element elementor-element-c81bd95 elementor-widget elementor-widget-heading\" data-id=\"c81bd95\" data-element_type=\"widget\" data-widget_type=\"heading.default\">\n\t\t\t\t\t<p class=\"elementor-heading-title elementor-size-default\">Webinar<\/p>\t\t\t\t<\/div>\n\t\t<div class=\"elementor-element elementor-element-e7a446a e-con-full e-flex e-con e-child\" data-id=\"e7a446a\" data-element_type=\"container\">\n\t\t\t\t<div class=\"elementor-element elementor-element-b45215f elementor-widget__width-initial elementor-widget elementor-widget-text-editor\" data-id=\"b45215f\" data-element_type=\"widget\" data-widget_type=\"text-editor.default\">\n\t\t\t\t\t\t\t\t\t<p>Gastronomy in the United States<\/p><p><a href=\"https:\/\/youtu.be\/Y5dIbWdQQws?si=n4SnrpqR369C4qOF\" target=\"_blank\" rel=\"noopener\">View more<\/a><\/p>\t\t\t\t\t\t\t\t<\/div>\n\t\t\t\t<\/div>\n\t\t\t\t<\/div>\n\t\t<div class=\"elementor-element elementor-element-3728d57 e-con-full e-flex e-con e-child\" data-id=\"3728d57\" data-element_type=\"container\">\n\t\t\t\t<div class=\"elementor-element elementor-element-120c48c elementor-widget elementor-widget-image\" data-id=\"120c48c\" data-element_type=\"widget\" data-widget_type=\"image.default\">\n\t\t\t\t\t\t\t\t\t\t\t\t\t\t\t<img decoding=\"async\" width=\"764\" height=\"430\" src=\"https:\/\/latamenusa.com\/wp-content\/uploads\/2025\/07\/250422_LATAM_WEBINAR-7MAY_MINIATURA-1.jpg\" class=\"attachment-large size-large wp-image-126\" alt=\"\" srcset=\"https:\/\/latamenusa.com\/wp-content\/uploads\/2025\/07\/250422_LATAM_WEBINAR-7MAY_MINIATURA-1.jpg 764w, https:\/\/latamenusa.com\/wp-content\/uploads\/2025\/07\/250422_LATAM_WEBINAR-7MAY_MINIATURA-1-300x169.jpg 300w\" sizes=\"(max-width: 764px) 100vw, 764px\" \/>\t\t\t\t\t\t\t\t\t\t\t\t\t\t\t<\/div>\n\t\t\t\t<div class=\"elementor-element elementor-element-14b15e6 elementor-widget elementor-widget-heading\" data-id=\"14b15e6\" data-element_type=\"widget\" data-widget_type=\"heading.default\">\n\t\t\t\t\t<p class=\"elementor-heading-title elementor-size-default\">Webinar<\/p>\t\t\t\t<\/div>\n\t\t<div class=\"elementor-element elementor-element-4a47769 e-con-full e-flex e-con e-child\" data-id=\"4a47769\" data-element_type=\"container\">\n\t\t\t\t<div class=\"elementor-element elementor-element-8436ffb elementor-widget__width-initial elementor-widget elementor-widget-text-editor\" data-id=\"8436ffb\" data-element_type=\"widget\" data-widget_type=\"text-editor.default\">\n\t\t\t\t\t\t\t\t\t<p>The best time to become an entrepreneur in the U.S.<\/p><p><a href=\"https:\/\/youtu.be\/iO8TRvQKWH4?si=UdcKafjWxq6p-Wfz\" target=\"_blank\" rel=\"noopener\">View more<\/a><\/p>\t\t\t\t\t\t\t\t<\/div>\n\t\t\t\t<\/div>\n\t\t\t\t<\/div>\n\t\t<div class=\"elementor-element elementor-element-2981d36 e-con-full e-flex e-con e-child\" data-id=\"2981d36\" data-element_type=\"container\">\n\t\t\t\t<div class=\"elementor-element elementor-element-ee75c1e elementor-widget elementor-widget-image\" data-id=\"ee75c1e\" data-element_type=\"widget\" data-widget_type=\"image.default\">\n\t\t\t\t\t\t\t\t\t\t\t\t\t\t\t<img loading=\"lazy\" decoding=\"async\" width=\"764\" height=\"430\" src=\"https:\/\/latamenusa.com\/wp-content\/uploads\/2025\/07\/250213_LEU_WEIBINAR-TRUMP_MINIATURA-1.jpg\" class=\"attachment-large size-large wp-image-125\" alt=\"\" srcset=\"https:\/\/latamenusa.com\/wp-content\/uploads\/2025\/07\/250213_LEU_WEIBINAR-TRUMP_MINIATURA-1.jpg 764w, https:\/\/latamenusa.com\/wp-content\/uploads\/2025\/07\/250213_LEU_WEIBINAR-TRUMP_MINIATURA-1-300x169.jpg 300w\" sizes=\"(max-width: 764px) 100vw, 764px\" \/>\t\t\t\t\t\t\t\t\t\t\t\t\t\t\t<\/div>\n\t\t\t\t<div class=\"elementor-element elementor-element-d913fe3 elementor-widget elementor-widget-heading\" data-id=\"d913fe3\" data-element_type=\"widget\" data-widget_type=\"heading.default\">\n\t\t\t\t\t<p class=\"elementor-heading-title elementor-size-default\">Webinar<\/p>\t\t\t\t<\/div>\n\t\t<div class=\"elementor-element elementor-element-ca0df1f e-con-full e-flex e-con e-child\" data-id=\"ca0df1f\" data-element_type=\"container\">\n\t\t\t\t<div class=\"elementor-element elementor-element-0abd3c3 elementor-widget__width-initial elementor-widget elementor-widget-text-editor\" data-id=\"0abd3c3\" data-element_type=\"widget\" data-widget_type=\"text-editor.default\">\n\t\t\t\t\t\t\t\t\t<p>The Trump Effect: How It Will Impact the U.S. Economy and Investments<\/p><p><a href=\"https:\/\/youtu.be\/fhj8fJ2rk04?si=NxdelMluTj-qnQDB\" target=\"_blank\" rel=\"noopener\">View more<\/a><\/p>\t\t\t\t\t\t\t\t<\/div>\n\t\t\t\t<\/div>\n\t\t\t\t<\/div>\n\t\t\t\t<\/div>\n\t\t\t\t<\/div>\n\t\t\t\t<div class=\"elementor-element elementor-element-e8a0ee4 elementor-widget elementor-widget-heading\" data-id=\"e8a0ee4\" data-element_type=\"widget\" data-widget_type=\"heading.default\">\n\t\t\t\t\t<h3 class=\"elementor-heading-title elementor-size-default\">We invite you to watch all our webinars on our YouTube channel.<\/h3>\t\t\t\t<\/div>\n\t\t\t\t<div class=\"elementor-element elementor-element-f72207b elementor-align-center e-transform e-transform elementor-widget elementor-widget-button\" data-id=\"f72207b\" data-element_type=\"widget\" data-settings=\"{&quot;_transform_scale_effect_hover&quot;:{&quot;unit&quot;:&quot;px&quot;,&quot;size&quot;:1.1,&quot;sizes&quot;:[]},&quot;_transform_scale_effect&quot;:{&quot;unit&quot;:&quot;px&quot;,&quot;size&quot;:&quot;&quot;,&quot;sizes&quot;:[]},&quot;_transform_scale_effect_laptop&quot;:{&quot;unit&quot;:&quot;px&quot;,&quot;size&quot;:&quot;&quot;,&quot;sizes&quot;:[]},&quot;_transform_scale_effect_tablet&quot;:{&quot;unit&quot;:&quot;px&quot;,&quot;size&quot;:&quot;&quot;,&quot;sizes&quot;:[]},&quot;_transform_scale_effect_mobile&quot;:{&quot;unit&quot;:&quot;px&quot;,&quot;size&quot;:&quot;&quot;,&quot;sizes&quot;:[]},&quot;_transform_scale_effect_hover_laptop&quot;:{&quot;unit&quot;:&quot;px&quot;,&quot;size&quot;:&quot;&quot;,&quot;sizes&quot;:[]},&quot;_transform_scale_effect_hover_tablet&quot;:{&quot;unit&quot;:&quot;px&quot;,&quot;size&quot;:&quot;&quot;,&quot;sizes&quot;:[]},&quot;_transform_scale_effect_hover_mobile&quot;:{&quot;unit&quot;:&quot;px&quot;,&quot;size&quot;:&quot;&quot;,&quot;sizes&quot;:[]}}\" data-widget_type=\"button.default\">\n\t\t\t\t\t\t\t\t\t\t<a class=\"elementor-button elementor-button-link elementor-size-sm\" href=\"https:\/\/www.youtube.com\/channel\/UCm9kuUS3A2YFbcN95jzIQWA\/featured?view_as=subscriber\" target=\"_blank\" rel=\"noopener\">\n\t\t\t\t\t\t<span class=\"elementor-button-content-wrapper\">\n\t\t\t\t\t\t\t\t\t<span class=\"elementor-button-text\">View Channel<\/span>\n\t\t\t\t\t<\/span>\n\t\t\t\t\t<\/a>\n\t\t\t\t\t\t\t\t<\/div>\n\t\t\t\t\t<\/div>\n\t\t\t\t<\/div>\n\t\t\t\t<\/div>\n\t\t","protected":false},"excerpt":{"rendered":"<p>Our Events &#8211; Mexico Our team of professionals travels regularly to participate in exclusive events and forums in Mexico, where [&hellip;]<\/p>\n","protected":false},"author":1,"featured_media":0,"parent":0,"menu_order":0,"comment_status":"closed","ping_status":"closed","template":"","meta":{"_acf_changed":false,"site-sidebar-layout":"no-sidebar","site-content-layout":"","ast-site-content-layout":"full-width-container","site-content-style":"default","site-sidebar-style":"default","ast-global-header-display":"","ast-banner-title-visibility":"","ast-main-header-display":"","ast-hfb-above-header-display":"","ast-hfb-below-header-display":"","ast-hfb-mobile-header-display":"","site-post-title":"disabled","ast-breadcrumbs-content":"","ast-featured-img":"disabled","footer-sml-layout":"","theme-transparent-header-meta":"","adv-header-id-meta":"","stick-header-meta":"","header-above-stick-meta":"","header-main-stick-meta":"","header-below-stick-meta":"","astra-migrate-meta-layouts":"default","ast-page-background-enabled":"default","ast-page-background-meta":{"desktop":{"background-color":"var(--ast-global-color-5)","background-image":"","background-repeat":"repeat","background-position":"center center","background-size":"auto","background-attachment":"scroll","background-type":"","background-media":"","overlay-type":"","overlay-color":"","overlay-opacity":"","overlay-gradient":""},"tablet":{"background-color":"","background-image":"","background-repeat":"repeat","background-position":"center center","background-size":"auto","background-attachment":"scroll","background-type":"","background-media":"","overlay-type":"","overlay-color":"","overlay-opacity":"","overlay-gradient":""},"mobile":{"background-color":"","background-image":"","background-repeat":"repeat","background-position":"center center","background-size":"auto","background-attachment":"scroll","background-type":"","background-media":"","overlay-type":"","overlay-color":"","overlay-opacity":"","overlay-gradient":""}},"ast-content-background-meta":{"desktop":{"background-color":"var(--ast-global-color-4)","background-image":"","background-repeat":"repeat","background-position":"center center","background-size":"auto","background-attachment":"scroll","background-type":"","background-media":"","overlay-type":"","overlay-color":"","overlay-opacity":"","overlay-gradient":""},"tablet":{"background-color":"var(--ast-global-color-4)","background-image":"","background-repeat":"repeat","background-position":"center center","background-size":"auto","background-attachment":"scroll","background-type":"","background-media":"","overlay-type":"","overlay-color":"","overlay-opacity":"","overlay-gradient":""},"mobile":{"background-color":"var(--ast-global-color-4)","background-image":"","background-repeat":"repeat","background-position":"center center","background-size":"auto","background-attachment":"scroll","background-type":"","background-media":"","overlay-type":"","overlay-color":"","overlay-opacity":"","overlay-gradient":""}},"footnotes":""},"class_list":["post-185","page","type-page","status-publish","hentry"],"acf":[],"_links":{"self":[{"href":"https:\/\/latamenusa.com\/en\/wp-json\/wp\/v2\/pages\/185","targetHints":{"allow":["GET"]}}],"collection":[{"href":"https:\/\/latamenusa.com\/en\/wp-json\/wp\/v2\/pages"}],"about":[{"href":"https:\/\/latamenusa.com\/en\/wp-json\/wp\/v2\/types\/page"}],"author":[{"embeddable":true,"href":"https:\/\/latamenusa.com\/en\/wp-json\/wp\/v2\/users\/1"}],"replies":[{"embeddable":true,"href":"https:\/\/latamenusa.com\/en\/wp-json\/wp\/v2\/comments?post=185"}],"version-history":[{"count":22,"href":"https:\/\/latamenusa.com\/en\/wp-json\/wp\/v2\/pages\/185\/revisions"}],"predecessor-version":[{"id":716,"href":"https:\/\/latamenusa.com\/en\/wp-json\/wp\/v2\/pages\/185\/revisions\/716"}],"wp:attachment":[{"href":"https:\/\/latamenusa.com\/en\/wp-json\/wp\/v2\/media?parent=185"}],"curies":[{"name":"wp","href":"https:\/\/api.w.org\/{rel}","templated":true}]}}